{"id":3379,"date":"2026-02-16T13:33:00","date_gmt":"2026-02-16T11:33:00","guid":{"rendered":"https:\/\/icmet.wattmedia.ro\/?page_id=3379"},"modified":"2026-03-17T09:51:00","modified_gmt":"2026-03-17T07:51:00","slug":"rapoarte-anuale-de-activitate-icmet-craiova","status":"publish","type":"page","link":"https:\/\/icmet.wattmedia.ro\/en\/despre-icmet\/rapoarte-anuale-de-activitate-icmet-craiova\/","title":{"rendered":"ICMET Craiova annual activity reports"},"content":{"rendered":"<div class=\"wp-block-file\"><a id=\"wp-block-file--media-7b2df034-d27e-468e-8cb8-bcaa6fa18fad\" href=\"https:\/\/icmet.wattmedia.ro\/wp-content\/uploads\/2026\/02\/raport_2024.pdf\" target=\"_blank\" rel=\"noreferrer noopener\"><strong>Annual activity report 2024<\/strong><\/a><a href=\"https:\/\/icmet.wattmedia.ro\/wp-content\/uploads\/2026\/02\/raport_2024.pdf\" class=\"wp-block-file__button wp-element-button\" download aria-describedby=\"wp-block-file--media-7b2df034-d27e-468e-8cb8-bcaa6fa18fad\">Unload<\/a><\/div>\n\n\n\n<div class=\"wp-block-file\"><a id=\"wp-block-file--media-3e6d1d62-6204-4fa3-8c30-47617cb364b9\" href=\"https:\/\/icmet.wattmedia.ro\/wp-content\/uploads\/2026\/02\/raport_2023.pdf\" target=\"_blank\" rel=\"noreferrer noopener\"><strong>Annual activity report 2023<\/strong><\/a><a href=\"https:\/\/icmet.wattmedia.ro\/wp-content\/uploads\/2026\/02\/raport_2023.pdf\" class=\"wp-block-file__button wp-element-button\" download aria-describedby=\"wp-block-file--media-3e6d1d62-6204-4fa3-8c30-47617cb364b9\">Unload<\/a><\/div>\n\n\n\n<div class=\"wp-block-file\"><a id=\"wp-block-file--media-5fffa1e5-a053-42a8-b484-a36c78add3f4\" href=\"https:\/\/icmet.wattmedia.ro\/wp-content\/uploads\/2026\/02\/raport_2022.pdf\" target=\"_blank\" rel=\"noreferrer noopener\"><strong>Annual activity report 2022<\/strong><\/a><a href=\"https:\/\/icmet.wattmedia.ro\/wp-content\/uploads\/2026\/02\/raport_2022.pdf\" class=\"wp-block-file__button wp-element-button\" download aria-describedby=\"wp-block-file--media-5fffa1e5-a053-42a8-b484-a36c78add3f4\">Unload<\/a><\/div>\n\n\n\n<div class=\"wp-block-file\"><a id=\"wp-block-file--media-3b5e65fb-a50a-4284-8d37-05bf5fce13b0\" href=\"https:\/\/icmet.wattmedia.ro\/wp-content\/uploads\/2026\/02\/raport_2021.pdf\" target=\"_blank\" rel=\"noreferrer noopener\"><strong>Annual activity report 2021<\/strong><\/a><a href=\"https:\/\/icmet.wattmedia.ro\/wp-content\/uploads\/2026\/02\/raport_2021.pdf\" class=\"wp-block-file__button wp-element-button\" download aria-describedby=\"wp-block-file--media-3b5e65fb-a50a-4284-8d37-05bf5fce13b0\">Unload<\/a><\/div>\n\n\n\n\n\n<div class=\"wp-block-file\"><a id=\"wp-block-file--media-2dc4c9ff-f76b-4844-a2ad-eec83def5daa\" href=\"https:\/\/icmet.wattmedia.ro\/wp-content\/uploads\/2026\/02\/raport_2019.pdf\" target=\"_blank\" rel=\"noreferrer noopener\"><strong>Annual activity report 2019<\/strong><\/a><a href=\"https:\/\/icmet.wattmedia.ro\/wp-content\/uploads\/2026\/02\/raport_2019.pdf\" class=\"wp-block-file__button wp-element-button\" download aria-describedby=\"wp-block-file--media-2dc4c9ff-f76b-4844-a2ad-eec83def5daa\">Unload<\/a><\/div>\n\n\n\n<div class=\"wp-block-file\"><a id=\"wp-block-file--media-bebb075d-4dc0-4153-a925-39afeabcca3d\" href=\"https:\/\/icmet.wattmedia.ro\/wp-content\/uploads\/2026\/02\/RAPORT-2017-2018.pdf\" target=\"_blank\" rel=\"noreferrer noopener\"><strong><strong>Activity report 2017 \u2013 2018<\/strong><\/strong><\/a><a href=\"https:\/\/icmet.wattmedia.ro\/wp-content\/uploads\/2026\/02\/RAPORT-2017-2018.pdf\" class=\"wp-block-file__button wp-element-button\" download aria-describedby=\"wp-block-file--media-bebb075d-4dc0-4153-a925-39afeabcca3d\">Unload<\/a><\/div>\n\n\n\n<div class=\"wp-block-file\"><a id=\"wp-block-file--media-a6a80348-5bc5-4089-9faa-6db6d01b7e95\" href=\"https:\/\/icmet.wattmedia.ro\/wp-content\/uploads\/2026\/02\/RAPORT-2016.pdf\" target=\"_blank\" rel=\"noreferrer noopener\"><strong><strong>Annual activity report 2016<\/strong><\/strong><\/a><a href=\"https:\/\/icmet.wattmedia.ro\/wp-content\/uploads\/2026\/02\/RAPORT-2016.pdf\" class=\"wp-block-file__button wp-element-button\" download aria-describedby=\"wp-block-file--media-a6a80348-5bc5-4089-9faa-6db6d01b7e95\">Unload<\/a><\/div>\n\n\n\n<div class=\"wp-block-file\"><a id=\"wp-block-file--media-89b4a354-f369-430e-adcf-1c9301ae9b16\" href=\"https:\/\/icmet.wattmedia.ro\/wp-content\/uploads\/2026\/02\/RAPORT-ANUAL-DE-ACTIVITATE-ICMET-2015.pdf\" target=\"_blank\" rel=\"noreferrer noopener\"><strong>Annual activity report 2015<\/strong><\/a><a href=\"https:\/\/icmet.wattmedia.ro\/wp-content\/uploads\/2026\/02\/RAPORT-ANUAL-DE-ACTIVITATE-ICMET-2015.pdf\" class=\"wp-block-file__button wp-element-button\" download aria-describedby=\"wp-block-file--media-89b4a354-f369-430e-adcf-1c9301ae9b16\">Unload<\/a><\/div>\n\n\n\n<div class=\"wp-block-file\"><a id=\"wp-block-file--media-2f26962a-9f77-4fd6-b076-1bb04745a9ea\" href=\"https:\/\/icmet.wattmedia.ro\/wp-content\/uploads\/2026\/02\/RAPORT-2014.pdf\" target=\"_blank\" rel=\"noreferrer noopener\"><strong>Annual activity report 2014<\/strong><\/a><a href=\"https:\/\/icmet.wattmedia.ro\/wp-content\/uploads\/2026\/02\/RAPORT-2014.pdf\" class=\"wp-block-file__button wp-element-button\" download aria-describedby=\"wp-block-file--media-2f26962a-9f77-4fd6-b076-1bb04745a9ea\">Unload<\/a><\/div>\n\n\n\n<div class=\"wp-block-file\"><a id=\"wp-block-file--media-2f26962a-9f77-4fd6-b076-1bb04745a9ea\" href=\"https:\/\/icmet.ro\/eng\/evaluare_2007.pdf\" target=\"_blank\" rel=\"noreferrer noopener\"><strong>Annual activity report 2007<\/strong><\/a><a href=\"https:\/\/icmet.ro\/eng\/evaluare_2007.pdf\" class=\"wp-block-file__button wp-element-button\" download aria-describedby=\"wp-block-file--media-2f26962a-9f77-4fd6-b076-1bb04745a9ea\">Unload<\/a><\/div>\n\n\n\n\n<p><\/p>","protected":false},"excerpt":{"rendered":"Raport de activitate anual 2024Descarc\u0103 Raport de activitate anual 2023Descarc\u0103 Raport de activitate anual 2022Descarc\u0103 Raport de activitate anual 2021Descarc\u0103 Raport de activitate anual 2019Descarc\u0103 Raport de activitate 2017 - 2018Descarc\u0103 Raport de activitate anual 2016Descarc\u0103 Raport de activitate anual 2015Descarc\u0103 Raport de activitate anual 2014Descarc\u0103 Raport de activitate anual 2007Descarc\u0103","protected":false},"author":1,"featured_media":0,"parent":1055,"menu_order":0,"comment_status":"closed","ping_status":"closed","template":"","meta":{"footnotes":""},"class_list":["post-3379","page","type-page","status-publish","hentry","post-no-thumbnail"],"yoast_head":"<!-- This site is optimized with the Yoast SEO plugin v27.3 - https:\/\/yoast.com\/product\/yoast-seo-wordpress\/ -->\n<title>Rapoarte anuale de activitate ICMET Craiova - ICMET<\/title>\n<meta name=\"robots\" content=\"noindex, follow, max-snippet:-1, max-image-preview:large, max-video-preview:-1\" \/>\n<meta property=\"og:locale\" content=\"en_US\" \/>\n<meta property=\"og:type\" content=\"article\" \/>\n<meta property=\"og:title\" content=\"Rapoarte anuale de activitate ICMET Craiova - ICMET\" \/>\n<meta property=\"og:url\" content=\"https:\/\/icmet.wattmedia.ro\/en\/despre-icmet\/rapoarte-anuale-de-activitate-icmet-craiova\/\" \/>\n<meta property=\"og:site_name\" content=\"ICMET\" \/>\n<meta property=\"article:modified_time\" content=\"2026-03-17T07:51:00+00:00\" \/>\n<meta name=\"twitter:card\" content=\"summary_large_image\" \/>\n<meta name=\"twitter:label1\" content=\"Est. reading time\" \/>\n\t<meta name=\"twitter:data1\" content=\"1 minute\" \/>\n<script type=\"application\/ld+json\" class=\"yoast-schema-graph\">{\"@context\":\"https:\\\/\\\/schema.org\",\"@graph\":[{\"@type\":\"WebPage\",\"@id\":\"https:\\\/\\\/icmet.wattmedia.ro\\\/despre-icmet\\\/rapoarte-anuale-de-activitate-icmet-craiova\\\/\",\"url\":\"https:\\\/\\\/icmet.wattmedia.ro\\\/despre-icmet\\\/rapoarte-anuale-de-activitate-icmet-craiova\\\/\",\"name\":\"Rapoarte anuale de activitate ICMET Craiova - ICMET\",\"isPartOf\":{\"@id\":\"https:\\\/\\\/icmet.wattmedia.ro\\\/#website\"},\"datePublished\":\"2026-02-16T11:33:00+00:00\",\"dateModified\":\"2026-03-17T07:51:00+00:00\",\"breadcrumb\":{\"@id\":\"https:\\\/\\\/icmet.wattmedia.ro\\\/despre-icmet\\\/rapoarte-anuale-de-activitate-icmet-craiova\\\/#breadcrumb\"},\"inLanguage\":\"en-US\",\"potentialAction\":[{\"@type\":\"ReadAction\",\"target\":[\"https:\\\/\\\/icmet.wattmedia.ro\\\/despre-icmet\\\/rapoarte-anuale-de-activitate-icmet-craiova\\\/\"]}]},{\"@type\":\"BreadcrumbList\",\"@id\":\"https:\\\/\\\/icmet.wattmedia.ro\\\/despre-icmet\\\/rapoarte-anuale-de-activitate-icmet-craiova\\\/#breadcrumb\",\"itemListElement\":[{\"@type\":\"ListItem\",\"position\":1,\"name\":\"Prima pagin\u0103\",\"item\":\"https:\\\/\\\/icmet.wattmedia.ro\\\/\"},{\"@type\":\"ListItem\",\"position\":2,\"name\":\"Despre ICMET\",\"item\":\"https:\\\/\\\/icmet.wattmedia.ro\\\/despre-icmet\\\/\"},{\"@type\":\"ListItem\",\"position\":3,\"name\":\"Rapoarte anuale de activitate ICMET Craiova\"}]},{\"@type\":\"WebSite\",\"@id\":\"https:\\\/\\\/icmet.wattmedia.ro\\\/#website\",\"url\":\"https:\\\/\\\/icmet.wattmedia.ro\\\/\",\"name\":\"ICMET\",\"description\":\"\",\"potentialAction\":[{\"@type\":\"SearchAction\",\"target\":{\"@type\":\"EntryPoint\",\"urlTemplate\":\"https:\\\/\\\/icmet.wattmedia.ro\\\/?s={search_term_string}\"},\"query-input\":{\"@type\":\"PropertyValueSpecification\",\"valueRequired\":true,\"valueName\":\"search_term_string\"}}],\"inLanguage\":\"en-US\"}]}<\/script>\n<!-- \/ Yoast SEO plugin. -->","yoast_head_json":{"title":"Rapoarte anuale de activitate ICMET Craiova - ICMET","robots":{"index":"noindex","follow":"follow","max-snippet":"max-snippet:-1","max-image-preview":"max-image-preview:large","max-video-preview":"max-video-preview:-1"},"og_locale":"en_US","og_type":"article","og_title":"Rapoarte anuale de activitate ICMET Craiova - ICMET","og_url":"https:\/\/icmet.wattmedia.ro\/en\/despre-icmet\/rapoarte-anuale-de-activitate-icmet-craiova\/","og_site_name":"ICMET","article_modified_time":"2026-03-17T07:51:00+00:00","twitter_card":"summary_large_image","twitter_misc":{"Est. reading time":"1 minute"},"schema":{"@context":"https:\/\/schema.org","@graph":[{"@type":"WebPage","@id":"https:\/\/icmet.wattmedia.ro\/despre-icmet\/rapoarte-anuale-de-activitate-icmet-craiova\/","url":"https:\/\/icmet.wattmedia.ro\/despre-icmet\/rapoarte-anuale-de-activitate-icmet-craiova\/","name":"Rapoarte anuale de activitate ICMET Craiova - ICMET","isPartOf":{"@id":"https:\/\/icmet.wattmedia.ro\/#website"},"datePublished":"2026-02-16T11:33:00+00:00","dateModified":"2026-03-17T07:51:00+00:00","breadcrumb":{"@id":"https:\/\/icmet.wattmedia.ro\/despre-icmet\/rapoarte-anuale-de-activitate-icmet-craiova\/#breadcrumb"},"inLanguage":"en-US","potentialAction":[{"@type":"ReadAction","target":["https:\/\/icmet.wattmedia.ro\/despre-icmet\/rapoarte-anuale-de-activitate-icmet-craiova\/"]}]},{"@type":"BreadcrumbList","@id":"https:\/\/icmet.wattmedia.ro\/despre-icmet\/rapoarte-anuale-de-activitate-icmet-craiova\/#breadcrumb","itemListElement":[{"@type":"ListItem","position":1,"name":"Prima pagin\u0103","item":"https:\/\/icmet.wattmedia.ro\/"},{"@type":"ListItem","position":2,"name":"Despre ICMET","item":"https:\/\/icmet.wattmedia.ro\/despre-icmet\/"},{"@type":"ListItem","position":3,"name":"Rapoarte anuale de activitate ICMET Craiova"}]},{"@type":"WebSite","@id":"https:\/\/icmet.wattmedia.ro\/#website","url":"https:\/\/icmet.wattmedia.ro\/","name":"ICMET","description":"","potentialAction":[{"@type":"SearchAction","target":{"@type":"EntryPoint","urlTemplate":"https:\/\/icmet.wattmedia.ro\/?s={search_term_string}"},"query-input":{"@type":"PropertyValueSpecification","valueRequired":true,"valueName":"search_term_string"}}],"inLanguage":"en-US"}]}},"_links":{"self":[{"href":"https:\/\/icmet.wattmedia.ro\/en\/wp-json\/wp\/v2\/pages\/3379","targetHints":{"allow":["GET"]}}],"collection":[{"href":"https:\/\/icmet.wattmedia.ro\/en\/wp-json\/wp\/v2\/pages"}],"about":[{"href":"https:\/\/icmet.wattmedia.ro\/en\/wp-json\/wp\/v2\/types\/page"}],"author":[{"embeddable":true,"href":"https:\/\/icmet.wattmedia.ro\/en\/wp-json\/wp\/v2\/users\/1"}],"replies":[{"embeddable":true,"href":"https:\/\/icmet.wattmedia.ro\/en\/wp-json\/wp\/v2\/comments?post=3379"}],"version-history":[{"count":2,"href":"https:\/\/icmet.wattmedia.ro\/en\/wp-json\/wp\/v2\/pages\/3379\/revisions"}],"predecessor-version":[{"id":4629,"href":"https:\/\/icmet.wattmedia.ro\/en\/wp-json\/wp\/v2\/pages\/3379\/revisions\/4629"}],"up":[{"embeddable":true,"href":"https:\/\/icmet.wattmedia.ro\/en\/wp-json\/wp\/v2\/pages\/1055"}],"wp:attachment":[{"href":"https:\/\/icmet.wattmedia.ro\/en\/wp-json\/wp\/v2\/media?parent=3379"}],"curies":[{"name":"wp","href":"https:\/\/api.w.org\/{rel}","templated":true}]}}