{"id":1036,"date":"2019-03-14T09:10:53","date_gmt":"2019-03-14T09:10:53","guid":{"rendered":"https:\/\/icmet.wattmedia.ro\/?page_id=1036"},"modified":"2026-04-06T10:43:02","modified_gmt":"2026-04-06T07:43:02","slug":"echipa-de-conducere","status":"publish","type":"page","link":"https:\/\/icmet.wattmedia.ro\/en\/despre-icmet\/echipa-de-conducere\/","title":{"rendered":"ICMET CRAIOVA management team"},"content":{"rendered":"<div class=\"wpb-content-wrapper\"><div id=\"tm-row-69d4ed5b05294\" data-vc-full-width=\"true\" data-vc-full-width-init=\"false\" class=\"vc_row vc_row-outer vc_row-fluid\"><div id=\"tm-column-69d4ed5b056b8\" class=\"wpb_column vc_column_container vc_col-sm-12\"><div class=\"vc_column-inner\"><div class=\"wpb_wrapper\"><div class=\"tm-spacer\" id=\"tm-spacer-69d4ed5b05825\"><\/div>\n\n<div class=\"tm-heading  center tm-animation move-up\" id=\"tm-heading-69d4ed5b05976\">\n\t<h3 class=\"heading\" style=\"\">The management team of <mark>ICMET Craiova<\/mark><\/h3><\/div>\n\n<div class=\"tm-spacer\" id=\"tm-spacer-69d4ed5b05c5f\"><\/div>\n<div class=\"tm-grid-wrapper tm-grid-group\" id=\"tm-grid-69d4ed5b05d02\"\n     data-item-wrap=\"1\"\n     data-item-border=\"1\"\n>\n\n\t<div class=\"tm-grid modern-grid has-animation move-up\">\n\t\t\n<div class=\"tm-team-member style-02 group-style-01 tm-animation move-up\" id=\"tm-team-member-69d4ed5b05e0b\">\n\t<div class=\"photo\">\n\t<img decoding=\"async\"  loading=\"lazy\" alt=\"da11512b-6f1d-4af3-8a53-e0a214e7820f\" width=\"370\" height=\"455\" src=\"https:\/\/icmet.wattmedia.ro\/wp-content\/uploads\/2026\/03\/da11512b-6f1d-4af3-8a53-e0a214e7820f-370x455.jpg\" srcset=\"https:\/\/icmet.wattmedia.ro\/wp-content\/uploads\/2026\/03\/da11512b-6f1d-4af3-8a53-e0a214e7820f-370x455@2x.jpg 2x\" \/>\n\t<\/div>\n<div class=\"info\">\n\t<h3 class=\"name\">\n\t\tDr. Eng. Ioan IORDACHE\t<\/h3>\n\n\t\n\t<\/div>\n<\/div>\n\n<div class=\"tm-team-member style-02 group-style-01 tm-animation move-up\" id=\"tm-team-member-69d4ed5b06287\">\n\t<div class=\"photo\">\n\t<img decoding=\"async\"  loading=\"lazy\" alt=\"ion-patru\" width=\"370\" height=\"455\" src=\"https:\/\/icmet.wattmedia.ro\/wp-content\/uploads\/2026\/02\/ion-patru.png\" \/>\n\t<\/div>\n<div class=\"info\">\n\t<h3 class=\"name\">\n\t\tEng. Ion P\u0102TRU\t<\/h3>\n\n\t\n\t<\/div>\n<\/div>\n\n<div class=\"tm-team-member style-02 group-style-01 tm-animation move-up\" id=\"tm-team-member-69d4ed5b06565\">\n\t<div class=\"photo\">\n\t<img decoding=\"async\"  loading=\"lazy\" alt=\"image_2026-04-06_085710272\" width=\"370\" height=\"455\" src=\"https:\/\/icmet.wattmedia.ro\/wp-content\/uploads\/2026\/04\/image_2026-04-06_085710272-370x455.png\" srcset=\"https:\/\/icmet.wattmedia.ro\/wp-content\/uploads\/2026\/04\/image_2026-04-06_085710272-370x455@2x.png 2x\" \/>\n\t<\/div>\n<div class=\"info\">\n\t<h3 class=\"name\">\n\t\tEc. Ioana CINC\u0102\t<\/h3>\n\n\t\n\t<\/div>\n<\/div>\n\t<\/div>\n\n<\/div>\n\n\n<div class=\"tm-spacer\" id=\"tm-spacer-69d4ed5b06851\"><\/div>\n\n<div class=\"tm-heading  center\" id=\"tm-heading-69d4ed5b06979\">\n\t<h3 class=\"heading\" style=\"\">Board of Directors <mark>ICMET CRAIOVA<\/mark><\/h3><\/div>\n\n<div class=\"tm-spacer\" id=\"tm-spacer-69d4ed5b06bf7\"><\/div>\n\n\t<div class=\"wpb_raw_code wpb_raw_html wpb_content_element\" >\n\t\t<div class=\"wpb_wrapper\">\n\t\t\t<table width=\"949\" border=\"1\" align=\"center\" cellpadding=\"5\" cellspacing=\"5\">\r\n                  <tbody>\r\n                    <tr>\r\n                      <th width=\"387\" bgcolor=\"#002fa6\" scope=\"row\" style=\"color: white;\"><div align=\"left\">Ioan IORDACHE - <a href=\"\/en\/DA_Iordache.pdf\/\" style=\"color: white\">Asset declaration<\/a><\/div><\/th>\r\n                      <td width=\"76\" bgcolor=\"#FFFFFF\">chairman<\/td>\r\n                      <td width=\"428\" bgcolor=\"#FFFFFF\">General Manager ICMET Craiova <\/td>\r\n                    <\/tr>\r\n                    <tr>\r\n                      <th bgcolor=\"#002fa6\" scope=\"row\" style=\"color: white;\"><div align=\"left\">Viorica VOICU - <a href=\"\/en\/DA_Voicu.pdf\/\" style=\"color: white;\">Asset declaration<\/a><\/div><\/th>\r\n                      <td bgcolor=\"#FFFFFF\">member<\/td>\r\n                      <td bgcolor=\"#FFFFFF\">President of the Scientific Council of ICMET Craiova <\/td>\r\n                    <\/tr>\r\n                    \r\n                    <tr>\r\n                      <th bgcolor=\"#002fa6\" scope=\"row\" style=\"color: white;\"><div align=\"left\">Roxana IONITA - <a href=\"\/en\/DA_Ionita.pdf\/\" style=\"color: white;\">Asset declaration<\/a><\/div><\/th>\r\n                      <td bgcolor=\"#FFFFFF\">member<\/td>\r\n                      <td bgcolor=\"#FFFFFF\">Representative of the Ministry of Research, Innovation and Digitalization <\/td>\r\n                    <\/tr>\r\n                    <tr>\r\n                      <th bgcolor=\"#002fa6\" scope=\"row\" style=\"color: white;\"><div align=\"left\"> Daniela Gabriela LICU - <a href=\"\/en\/DA_Licu.pdf\/\" style=\"color: white;\">Asset declaration<\/a><\/div><\/th>\r\n                      <td bgcolor=\"#FFFFFF\">member<\/td>\r\n                      <td bgcolor=\"#FFFFFF\">Representative of the Ministry of Labor and Social Solidarity <\/td>\r\n                    <\/tr>\r\n                    <tr>\r\n                      <th bgcolor=\"#002fa6\" scope=\"row\" style=\"color: white;\"><div align=\"left\">Ionu\u021b Lauren\u021biu OLTEANU- <a href=\"\/en\/DA_Olteanu.pdf\/\" style=\"color: white;\">Asset declaration<\/a><\/div><\/th>\r\n                      <td bgcolor=\"#FFFFFF\">member<\/td>\r\n                      <td bgcolor=\"#FFFFFF\">Representative of the Ministry of Public Finance <\/td>\r\n                    <\/tr>\r\n                    \r\n                  <\/tbody>\r\n              <\/table>\n\t\t<\/div>\n\t<\/div>\n\n<div class=\"tm-heading  center\" id=\"tm-heading-69d4ed5b06e79\">\n\t<h3 class=\"heading\" style=\"\">Scientific Council <mark>ICMET CRAIOVA<\/mark><\/h3><\/div>\n\n<div class=\"tm-spacer\" id=\"tm-spacer-69d4ed5b070d9\"><\/div>\n\n\t<div class=\"wpb_raw_code wpb_raw_html wpb_content_element\" >\n\t\t<div class=\"wpb_wrapper\">\n\t\t\t<table width=\"612\" border=\"1\" align=\"center\" cellpadding=\"5\" cellspacing=\"5\">\r\n              <tbody>\r\n                <tr>\r\n                  <th width=\"228\" bgcolor=\"#002fa6\" scope=\"row\" style=\"color: white;\"><div align=\"left\">Dr. Eng. Viorica Voicu <\/div><\/th>\r\n                  <td width=\"343\" bgcolor=\"#FFFFFF\">chairman<\/td>\r\n                <\/tr>\r\n                <tr>\r\n                  <th bgcolor=\"#002fa6\" scope=\"row\" style=\"color: white;\"><div align=\"left\">Dr. Eng. Marcel Nicola <\/div><\/th>\r\n                  <td bgcolor=\"#FFFFFF\">vice-president<\/td>\r\n                <\/tr>\r\n                <tr>\r\n                  <th bgcolor=\"#002fa6\" scope=\"row\" style=\"color: white;\"><div align=\"left\"><strong>Dr. Eng. Ioan Iordache<\/strong><\/div><\/th>\r\n                  <td bgcolor=\"#FFFFFF\">member<\/td>\r\n                <\/tr>\r\n                <tr>\r\n                  <th bgcolor=\"#002fa6\" scope=\"row\" style=\"color: white;\"><div align=\"left\">Eng. Ion Patru <\/div><\/th>\r\n                  <td bgcolor=\"#FFFFFF\">member<\/td>\r\n                <\/tr>\r\n                <tr>\r\n                  <th bgcolor=\"#002fa6\" scope=\"row\" style=\"color: white;\"><div align=\"left\"> Dr. Eng. Dumitru Sacerdotianu &nbsp;&nbsp;<\/div><\/th>\r\n                  <td bgcolor=\"#FFFFFF\">member<\/td>\r\n                <\/tr>\r\n                <tr>\r\n                  <th bgcolor=\"#002fa6\" scope=\"row\" style=\"color: white;\"><div align=\"left\">Dr. Eng. Cristian Salceanu<\/div><\/th>\r\n                  <td bgcolor=\"#FFFFFF\">member<\/td>\r\n                <\/tr>\r\n\r\n                <tr>\r\n                  <th bgcolor=\"#002fa6\" scope=\"row\" style=\"color: white;\"> <div align=\"left\">Eng. Daniel Ocoleanu <\/div><\/th>\r\n                  <td bgcolor=\"#FFFFFF\">member<\/td>\r\n                <\/tr>\r\n                <tr>\r\n                  <th bgcolor=\"#002fa6\" scope=\"row\" style=\"color: white;\"><div align=\"left\">Phys. Daniel Truta <\/div><\/th>\r\n                  <td bgcolor=\"#FFFFFF\">member<\/td>\r\n                <\/tr>\r\n                <tr>\r\n                  <th bgcolor=\"#002fa6\" scope=\"row\" style=\"color: white;\"><div align=\"left\">Eng. Valentin Tetea <\/div><\/th>\r\n                  <td bgcolor=\"#FFFFFF\">member<\/td>\r\n                <\/tr>\r\n                <tr>\r\n                  <th bgcolor=\"#002fa6\" scope=\"row\" style=\"color: white;\"> <div align=\"left\">Eng. Tania Nicoara <\/div><\/th>\r\n                  <td bgcolor=\"#FFFFFF\">member<\/td>\r\n                <\/tr>\r\n                <tr>\r\n                  <th bgcolor=\"#002fa6\" scope=\"row\" style=\"color: white;\"><div align=\"left\">Eng. Laurentiu Vladoi <\/div><\/th>\r\n                  <td bgcolor=\"#FFFFFF\">member<\/td>\r\n                <\/tr>\r\n              <\/tbody>\r\n            <\/table>\n\t\t<\/div>\n\t<\/div>\n\n<div class=\"tm-heading  center\" id=\"tm-heading-69d4ed5b072d0\">\n\t<h3 class=\"heading\" style=\"\">Steering Committee <mark>ICMET CRAIOVA<\/mark><\/h3><\/div>\n\n<div class=\"tm-spacer\" id=\"tm-spacer-69d4ed5b07520\"><\/div>\n\n\t<div class=\"wpb_raw_code wpb_raw_html wpb_content_element\" >\n\t\t<div class=\"wpb_wrapper\">\n\t\t\t<table width=\"612\" border=\"1\" align=\"center\" cellpadding=\"5\" cellspacing=\"5\">\r\n              <tbody>\r\n                <tr>\r\n                  <th width=\"228\" bgcolor=\"#002fa6\" class=\"style3\" scope=\"row\" style=\"color: white;\"><div align=\"left\">Dr. Eng. Ioan Iordache <\/div><\/th>\r\n                  <td width=\"343\" bgcolor=\"#FFFFFF\" class=\"style5\">General Manager<\/td>\r\n                <\/tr>\r\n                <tr>\r\n                  <th bgcolor=\"#002fa6\" class=\"style3\" scope=\"row\" style=\"color: white;\"><div align=\"left\">Eng. Ion Patru <\/div><\/th>\r\n                  <td bgcolor=\"#FFFFFF\" class=\"style5\">Scientific Director<\/td>\r\n                <\/tr>\r\n                <tr>\r\n                  <th bgcolor=\"#002fa6\" class=\"style3\" scope=\"row\" style=\"color: white;\"><div align=\"left\" class=\"style3\"><font face=\"Arial, Helvetica, sans-serif\">Ec. Ioana Cinca <\/font><\/div><\/th>\r\n                  <td bgcolor=\"#FFFFFF\" class=\"style5\">Economic Director<\/td>\r\n                <\/tr>\r\n                <tr>\r\n                  <th bgcolor=\"#002fa6\" class=\"style3\" scope=\"row\" style=\"color: white;\"><div align=\"left\">Eng. Laurentiu Vladoi<\/div><\/th>\r\n                  <td bgcolor=\"#FFFFFF\" class=\"style5\">Head of High Voltage Division - Technical Manager DIT <\/td>\r\n                <\/tr>\r\n                <tr>\r\n                  <th bgcolor=\"#002fa6\" class=\"style3\" scope=\"row\" style=\"color: white;\"><div align=\"left\">Phys. Daniel Truta<\/div><\/th>\r\n                  <td bgcolor=\"#FFFFFF\" class=\"style5\"> Head of High Power Division - Technical Manager DMP<\/td>\r\n                <\/tr>\r\n                <tr>\r\n                  <th bgcolor=\"#002fa6\" class=\"style3\" scope=\"row\" style=\"color: white;\"> <div align=\"left\">Engineer Adrian Vintila <\/div><\/th>\r\n                  <td bgcolor=\"#FFFFFF\" class=\"style5\">Head of Research and Development Division for Electrotechnical Equipment and Energy Efficiency<\/td>\r\n                <\/tr>\r\n                <tr>\r\n                  <th bgcolor=\"#002fa6\" class=\"style3\" scope=\"row\" style=\"color: white;\"><div align=\"left\">Eng. Cristian Constantinescu  <\/div><\/th>\r\n                  <td bgcolor=\"#FFFFFF\" class=\"style5\">Head of Product Development, Models and Prototypes Section<\/td>\r\n                <\/tr>\r\n              <\/tbody>\r\n            <\/table>\n\t\t<\/div>\n\t<\/div>\n<\/div><\/div><\/div><\/div><div class=\"vc_row-full-width vc_clearfix\"><\/div>\n<\/div>","protected":false},"excerpt":{"rendered":"Echipa de conducere a ICMET Craiova Dr.Ing. Ioan IORDACHE Ing. Ion P\u0102TRU Ec. Ioana CINC\u0102 Consiliul de Administratie ICMET CRAIOVA Ioan IORDACHE - Declara\u0163ie de avere Presedinte Director General ICMET Craiova Viorica VOICU - Declara\u0163ie de avere Membru Presedinte al Consiliului Stiintific ICMET Craiova Roxana IONI\u021a\u0102 - Declara\u0163ie de avere Membru Reprezentant al Ministerului Cercetarii, Inovarii si Digitalizarii Daniela Gabriela LICU - Declara\u0163ie de avere Membru Reprezentant al Ministerului Muncii si Solidaritatii Sociale Ionu\u021b Lauren\u021biu OLTEANU- Declara\u0163ie de avere Membru Reprezentant al Ministerului Finantelor Publice Consiliul Stiintific ICMET CRAIOVA Dr.Ing. Viorica Voicu Presedinte Dr.Ing. Marcel Nicola Vicepresedinte Dr.Ing. Ioan Iordache Membru Ing. Ion Patru Membru Dr.Ing. Dumitru Sacerdotianu &nbsp;&nbsp; Membru Dr.Ing. Cristian Salceanu Membru Ing. Daniel Ocoleanu Membru Fiz. Daniel Truta Membru Ing. Valentin Tetea Membru Ing. Tania Nicoara Membru Ing. Laurentiu Vladoi Membru Comitetul de Directie ICMET CRAIOVA Dr.Ing. Ioan Iordache Director General Ing. Ion Patru Director Stiintific Ec. Ioana Cinca Director Economic Ing. Laurentiu Vladoi Sef Divizie Inalta Tensiune-Manager Tehnic DIT Fiz. Daniel Truta Sef Divizie Mare Putere-Manager Tehnic DMP Ing. Adrian Vintila Sef Divizie Cercetare-Dezvoltare Echipamente Electrotehnice si Eficienta Energetica Ing. Cristian Constantinescu Sef Sectie Dezvoltare Produse, Modele si Prototipuri","protected":false},"author":1,"featured_media":0,"parent":1055,"menu_order":0,"comment_status":"closed","ping_status":"closed","template":"","meta":{"footnotes":""},"class_list":["post-1036","page","type-page","status-publish","hentry","post-no-thumbnail"],"yoast_head":"<!-- This site is optimized with the Yoast SEO plugin v27.3 - https:\/\/yoast.com\/product\/yoast-seo-wordpress\/ -->\n<title>Echipa de conducere ICMET CRAIOVA - ICMET<\/title>\n<meta name=\"robots\" content=\"noindex, follow, max-snippet:-1, max-image-preview:large, max-video-preview:-1\" \/>\n<meta property=\"og:locale\" content=\"en_US\" \/>\n<meta property=\"og:type\" content=\"article\" \/>\n<meta property=\"og:title\" content=\"Echipa de conducere ICMET CRAIOVA - ICMET\" \/>\n<meta property=\"og:url\" content=\"https:\/\/icmet.wattmedia.ro\/en\/despre-icmet\/echipa-de-conducere\/\" \/>\n<meta property=\"og:site_name\" content=\"ICMET\" \/>\n<meta property=\"article:modified_time\" content=\"2026-04-06T07:43:02+00:00\" \/>\n<meta name=\"twitter:card\" content=\"summary_large_image\" \/>\n<meta name=\"twitter:label1\" content=\"Est. reading time\" \/>\n\t<meta name=\"twitter:data1\" content=\"2 minutes\" \/>\n<script type=\"application\/ld+json\" class=\"yoast-schema-graph\">{\"@context\":\"https:\\\/\\\/schema.org\",\"@graph\":[{\"@type\":\"WebPage\",\"@id\":\"https:\\\/\\\/icmet.wattmedia.ro\\\/despre-icmet\\\/echipa-de-conducere\\\/\",\"url\":\"https:\\\/\\\/icmet.wattmedia.ro\\\/despre-icmet\\\/echipa-de-conducere\\\/\",\"name\":\"Echipa de conducere ICMET CRAIOVA - ICMET\",\"isPartOf\":{\"@id\":\"https:\\\/\\\/icmet.wattmedia.ro\\\/#website\"},\"datePublished\":\"2019-03-14T09:10:53+00:00\",\"dateModified\":\"2026-04-06T07:43:02+00:00\",\"breadcrumb\":{\"@id\":\"https:\\\/\\\/icmet.wattmedia.ro\\\/despre-icmet\\\/echipa-de-conducere\\\/#breadcrumb\"},\"inLanguage\":\"en-US\",\"potentialAction\":[{\"@type\":\"ReadAction\",\"target\":[\"https:\\\/\\\/icmet.wattmedia.ro\\\/despre-icmet\\\/echipa-de-conducere\\\/\"]}]},{\"@type\":\"BreadcrumbList\",\"@id\":\"https:\\\/\\\/icmet.wattmedia.ro\\\/despre-icmet\\\/echipa-de-conducere\\\/#breadcrumb\",\"itemListElement\":[{\"@type\":\"ListItem\",\"position\":1,\"name\":\"Prima pagin\u0103\",\"item\":\"https:\\\/\\\/icmet.wattmedia.ro\\\/\"},{\"@type\":\"ListItem\",\"position\":2,\"name\":\"Despre ICMET\",\"item\":\"https:\\\/\\\/icmet.wattmedia.ro\\\/despre-icmet\\\/\"},{\"@type\":\"ListItem\",\"position\":3,\"name\":\"Echipa de conducere ICMET CRAIOVA\"}]},{\"@type\":\"WebSite\",\"@id\":\"https:\\\/\\\/icmet.wattmedia.ro\\\/#website\",\"url\":\"https:\\\/\\\/icmet.wattmedia.ro\\\/\",\"name\":\"ICMET\",\"description\":\"\",\"potentialAction\":[{\"@type\":\"SearchAction\",\"target\":{\"@type\":\"EntryPoint\",\"urlTemplate\":\"https:\\\/\\\/icmet.wattmedia.ro\\\/?s={search_term_string}\"},\"query-input\":{\"@type\":\"PropertyValueSpecification\",\"valueRequired\":true,\"valueName\":\"search_term_string\"}}],\"inLanguage\":\"en-US\"}]}<\/script>\n<!-- \/ Yoast SEO plugin. -->","yoast_head_json":{"title":"Echipa de conducere ICMET CRAIOVA - ICMET","robots":{"index":"noindex","follow":"follow","max-snippet":"max-snippet:-1","max-image-preview":"max-image-preview:large","max-video-preview":"max-video-preview:-1"},"og_locale":"en_US","og_type":"article","og_title":"Echipa de conducere ICMET CRAIOVA - ICMET","og_url":"https:\/\/icmet.wattmedia.ro\/en\/despre-icmet\/echipa-de-conducere\/","og_site_name":"ICMET","article_modified_time":"2026-04-06T07:43:02+00:00","twitter_card":"summary_large_image","twitter_misc":{"Est. reading time":"2 minutes"},"schema":{"@context":"https:\/\/schema.org","@graph":[{"@type":"WebPage","@id":"https:\/\/icmet.wattmedia.ro\/despre-icmet\/echipa-de-conducere\/","url":"https:\/\/icmet.wattmedia.ro\/despre-icmet\/echipa-de-conducere\/","name":"Echipa de conducere ICMET CRAIOVA - ICMET","isPartOf":{"@id":"https:\/\/icmet.wattmedia.ro\/#website"},"datePublished":"2019-03-14T09:10:53+00:00","dateModified":"2026-04-06T07:43:02+00:00","breadcrumb":{"@id":"https:\/\/icmet.wattmedia.ro\/despre-icmet\/echipa-de-conducere\/#breadcrumb"},"inLanguage":"en-US","potentialAction":[{"@type":"ReadAction","target":["https:\/\/icmet.wattmedia.ro\/despre-icmet\/echipa-de-conducere\/"]}]},{"@type":"BreadcrumbList","@id":"https:\/\/icmet.wattmedia.ro\/despre-icmet\/echipa-de-conducere\/#breadcrumb","itemListElement":[{"@type":"ListItem","position":1,"name":"Prima pagin\u0103","item":"https:\/\/icmet.wattmedia.ro\/"},{"@type":"ListItem","position":2,"name":"Despre ICMET","item":"https:\/\/icmet.wattmedia.ro\/despre-icmet\/"},{"@type":"ListItem","position":3,"name":"Echipa de conducere ICMET CRAIOVA"}]},{"@type":"WebSite","@id":"https:\/\/icmet.wattmedia.ro\/#website","url":"https:\/\/icmet.wattmedia.ro\/","name":"ICMET","description":"","potentialAction":[{"@type":"SearchAction","target":{"@type":"EntryPoint","urlTemplate":"https:\/\/icmet.wattmedia.ro\/?s={search_term_string}"},"query-input":{"@type":"PropertyValueSpecification","valueRequired":true,"valueName":"search_term_string"}}],"inLanguage":"en-US"}]}},"_links":{"self":[{"href":"https:\/\/icmet.wattmedia.ro\/en\/wp-json\/wp\/v2\/pages\/1036","targetHints":{"allow":["GET"]}}],"collection":[{"href":"https:\/\/icmet.wattmedia.ro\/en\/wp-json\/wp\/v2\/pages"}],"about":[{"href":"https:\/\/icmet.wattmedia.ro\/en\/wp-json\/wp\/v2\/types\/page"}],"author":[{"embeddable":true,"href":"https:\/\/icmet.wattmedia.ro\/en\/wp-json\/wp\/v2\/users\/1"}],"replies":[{"embeddable":true,"href":"https:\/\/icmet.wattmedia.ro\/en\/wp-json\/wp\/v2\/comments?post=1036"}],"version-history":[{"count":17,"href":"https:\/\/icmet.wattmedia.ro\/en\/wp-json\/wp\/v2\/pages\/1036\/revisions"}],"predecessor-version":[{"id":4759,"href":"https:\/\/icmet.wattmedia.ro\/en\/wp-json\/wp\/v2\/pages\/1036\/revisions\/4759"}],"up":[{"embeddable":true,"href":"https:\/\/icmet.wattmedia.ro\/en\/wp-json\/wp\/v2\/pages\/1055"}],"wp:attachment":[{"href":"https:\/\/icmet.wattmedia.ro\/en\/wp-json\/wp\/v2\/media?parent=1036"}],"curies":[{"name":"wp","href":"https:\/\/api.w.org\/{rel}","templated":true}]}}